{"id":103,"date":"2023-04-24T14:27:06","date_gmt":"2023-04-24T12:27:06","guid":{"rendered":"https:\/\/buchung.gym-schiff.de\/krankmeldung\/?page_id=103"},"modified":"2026-02-06T07:58:34","modified_gmt":"2026-02-06T06:58:34","slug":"praktikumsanmeldung","status":"publish","type":"page","link":"https:\/\/buchung.gym-schiff.de\/krankmeldung\/praktikumsanmeldung\/","title":{"rendered":"Sozialpraktikumsanmeldung"},"content":{"rendered":"\n<p>Liebe Sch\u00fclerinnen und Sch\u00fcler der Klassenstufe 8 bzw. ab August Klassenstufe 9 \ud83d\ude42 ,<\/p>\n\n\n\n<p>bitte tragt in diese Eingabemaske die Daten zu eurem Praktikumsplatz f\u00fcr das Sozialpraktikum ein. <strong>Alle Felder m\u00fcssen vollst\u00e4ndig ausgef\u00fcllt sein!<\/strong> Das Sozialpraktikum findet in den letzten beiden Wochen des ersten Schulhalbjahres im Januar statt.<\/p>\n\n\n\n<p>Dein Praktikumsplatz muss hier bis <strong>sp\u00e4testens 15. September<\/strong> eingetragen sein. Bitte achte unbedingt auf die <strong>korrekte Schreibweise<\/strong> deiner E-Mail-Adresse. Du bekommst nach dem Abschicken eine Best\u00e4tigung zugesendet. <\/p>\n\n\n\n<p>Herzliche Gr\u00fc\u00dfe! <br>Marcus Stern<\/p>\n\n\n\n<div class=\"wp-block-contact-form-7-contact-form-selector\">\n<div class=\"wpcf7 no-js\" id=\"wpcf7-f219-o1\" lang=\"de-DE\" dir=\"ltr\" data-wpcf7-id=\"219\">\n<div class=\"screen-reader-response\"><p role=\"status\" aria-live=\"polite\" aria-atomic=\"true\"><\/p> <ul><\/ul><\/div>\n<form action=\"\/krankmeldung\/wp-json\/wp\/v2\/pages\/103#wpcf7-f219-o1\" method=\"post\" class=\"wpcf7-form init\" aria-label=\"Kontaktformular\" novalidate=\"novalidate\" data-status=\"init\">\n<fieldset class=\"hidden-fields-container\"><input type=\"hidden\" name=\"_wpcf7\" value=\"219\" \/><input type=\"hidden\" name=\"_wpcf7_version\" value=\"6.1.5\" \/><input type=\"hidden\" name=\"_wpcf7_locale\" value=\"de_DE\" \/><input type=\"hidden\" name=\"_wpcf7_unit_tag\" value=\"wpcf7-f219-o1\" \/><input type=\"hidden\" name=\"_wpcf7_container_post\" value=\"0\" \/><input type=\"hidden\" name=\"_wpcf7_posted_data_hash\" value=\"\" \/><input type=\"hidden\" name=\"_wpcf7cf_hidden_group_fields\" value=\"[]\" \/><input type=\"hidden\" name=\"_wpcf7cf_hidden_groups\" value=\"[]\" \/><input type=\"hidden\" name=\"_wpcf7cf_visible_groups\" value=\"[]\" \/><input type=\"hidden\" name=\"_wpcf7cf_repeaters\" value=\"[]\" \/><input type=\"hidden\" name=\"_wpcf7cf_steps\" value=\"{}\" \/><input type=\"hidden\" name=\"_wpcf7cf_options\" value=\"{&quot;form_id&quot;:219,&quot;conditions&quot;:[{&quot;then_field&quot;:&quot;group-1&quot;,&quot;and_rules&quot;:[{&quot;if_field&quot;:&quot;institution-name-list&quot;,&quot;operator&quot;:&quot;equals&quot;,&quot;if_value&quot;:&quot;NEUER Praktikumsplatz - Meine Institution ist nicht aufgef\\u00fchrt&quot;}]}],&quot;settings&quot;:{&quot;animation&quot;:&quot;yes&quot;,&quot;animation_intime&quot;:200,&quot;animation_outtime&quot;:200,&quot;conditions_ui&quot;:&quot;normal&quot;,&quot;notice_dismissed&quot;:false}}\" \/>\n<\/fieldset>\n<table border-collapse: collapse; margin: 0 0 1.5em; width: 100%; >\n\t<tr>\n\t\t<td>\n\t\t\t<p><b>Deine Daten:<\/b>\n\t\t\t<\/p>\n\t\t<\/td>\n\t\t<td>\n\t\t\t<p>&nbsp;\n\t\t\t<\/p>\n\t\t<\/td>\n\t<\/tr>\n\t<tr>\n\t\t<td>\n\t\t\t<p>Dein Vorname\n\t\t\t<\/p>\n\t\t<\/td>\n\t\t<td>\n\t\t\t<p><span class=\"wpcf7-form-control-wrap\" data-name=\"your-name\"><input size=\"40\" maxlength=\"400\" class=\"wpcf7-form-control wpcf7-text wpcf7-validates-as-required\" aria-required=\"true\" aria-invalid=\"false\" value=\"\" type=\"text\" name=\"your-name\" \/><\/span>\n\t\t\t<\/p>\n\t\t<\/td>\n\t<\/tr>\n\t<tr>\n\t\t<td>\n\t\t\t<p>Dein Nachname\n\t\t\t<\/p>\n\t\t<\/td>\n\t\t<td>\n\t\t\t<p><span class=\"wpcf7-form-control-wrap\" data-name=\"your-surname\"><input size=\"40\" maxlength=\"400\" class=\"wpcf7-form-control wpcf7-text wpcf7-validates-as-required\" aria-required=\"true\" aria-invalid=\"false\" value=\"\" type=\"text\" name=\"your-surname\" \/><\/span>\n\t\t\t<\/p>\n\t\t<\/td>\n\t<\/tr>\n\t<tr>\n\t\t<td>\n\t\t\t<p>Deine E-Mail-Adresse\n\t\t\t<\/p>\n\t\t<\/td>\n\t\t<td>\n\t\t\t<p><span class=\"wpcf7-form-control-wrap\" data-name=\"your-email\"><input size=\"40\" maxlength=\"400\" class=\"wpcf7-form-control wpcf7-email wpcf7-validates-as-required wpcf7-text wpcf7-validates-as-email\" aria-required=\"true\" aria-invalid=\"false\" value=\"\" type=\"email\" name=\"your-email\" \/><\/span>\n\t\t\t<\/p>\n\t\t<\/td>\n\t<\/tr>\n\t<tr>\n\t\t<td>\n\t\t\t<p>Deine Klasse\n\t\t\t<\/p>\n\t\t<\/td>\n\t\t<td>\n\t\t\t<p><span class=\"wpcf7-form-control-wrap\" data-name=\"your-class\"><select class=\"wpcf7-form-control wpcf7-select wpcf7-validates-as-required\" aria-required=\"true\" aria-invalid=\"false\" name=\"your-class\"><option value=\"\">&#8211; Bitte ausw\u00e4hlen &#8211;<\/option><option value=\"8a bzw. 9a\">8a bzw. 9a<\/option><option value=\"8b bzw. 9b\">8b bzw. 9b<\/option><option value=\"8c bzw. 9c\">8c bzw. 9c<\/option><option value=\"8d bzw. 9d\">8d bzw. 9d<\/option><option value=\"8e bzw. 9e\">8e bzw. 9e<\/option><option value=\"8f bzw. 9f\">8f bzw. 9f<\/option><\/select><\/span>\n\t\t\t<\/p>\n\t\t<\/td>\n\t<\/tr>\n\t<tr>\n\t\t<td>\n\t\t\t<font color=WHITE>..........................................................................................................\n\t\t\t<\/font>\n\t\t<\/td>\n\t\t<td>\n\t\t<\/td>\n\t<\/tr>\n\t<tr>\n\t\t<td>\n\t\t\t<p><b>Name und Anschrift deines Praktikumsplatzes:<\/b>\n\t\t\t<\/p>\n\t\t<\/td>\n\t\t<td>\n\t\t\t<p><span class=\"wpcf7-form-control-wrap\" data-name=\"institution-name-list\"><select class=\"wpcf7-form-control wpcf7-select wpcf7-validates-as-required\" aria-required=\"true\" aria-invalid=\"false\" name=\"institution-name-list\"><option value=\"\">&#8211; Bitte ausw\u00e4hlen &#8211;<\/option><option value=\"Anpfiff ins Leben e.V. (Raiffeisenstra\u00dfe 11&#039;, &#039; 67346 Speyer)\">Anpfiff ins Leben e.V. (Raiffeisenstra\u00dfe 11&#039;, &#039; 67346 Speyer)<\/option><option value=\"Apotheke Am Schillerplatz (Schillerplatz 4&#039;, &#039; 67105 Schillerplatz)\">Apotheke Am Schillerplatz (Schillerplatz 4&#039;, &#039; 67105 Schillerplatz)<\/option><option value=\"B\u00fccherei Limburgerhof (Carl-Bosch-Stra\u00dfe 9&#039;, &#039; 67117 Limburgerhof)\">B\u00fccherei Limburgerhof (Carl-Bosch-Stra\u00dfe 9&#039;, &#039; 67117 Limburgerhof)<\/option><option value=\"CDH Stephanus Speyer (Boschstra\u00dfe 26&#039;, &#039; 67346 Speyer)\">CDH Stephanus Speyer (Boschstra\u00dfe 26&#039;, &#039; 67346 Speyer)<\/option><option value=\"Caritas Altenzentrum St. Matthias (Am Schwanenweiher 6&#039;, &#039; 67105 Schifferstadt)\">Caritas Altenzentrum St. Matthias (Am Schwanenweiher 6&#039;, &#039; 67105 Schifferstadt)<\/option><option value=\"Caritas Altenzentrum St. Bonifatius\/ Tagespflege (Albert-Schweizer-Stra\u00dfe 3&#039;, &#039; 67117 Limburgerhof)\">Caritas Altenzentrum St. Bonifatius\/ Tagespflege (Albert-Schweizer-Stra\u00dfe 3&#039;, &#039; 67117 Limburgerhof)<\/option><option value=\"Caritas-Altenzentrum St. Bonifatius&#039;, &#039; Haus St. Matthias (Am Schwanenweiher 6&#039;, &#039; 67105 Schifferstadt)\">Caritas-Altenzentrum St. Bonifatius&#039;, &#039; Haus St. Matthias (Am Schwanenweiher 6&#039;, &#039; 67105 Schifferstadt)<\/option><option value=\"Der Kinderschutzbund (Rehbachstr. 4&#039;, &#039; 67105 Schifferstadt)\">Der Kinderschutzbund (Rehbachstr. 4&#039;, &#039; 67105 Schifferstadt)<\/option><option value=\"Deutsche Philharmonie Rheinland-Pfalz (Heinigstra\u00dfe 40&#039;, &#039; 67059 Ludwigshafen)\">Deutsche Philharmonie Rheinland-Pfalz (Heinigstra\u00dfe 40&#039;, &#039; 67059 Ludwigshafen)<\/option><option value=\"Diakonissen-Stiftungs-Krankenhaus Speyer (Paul-Egell-Str. 33&#039;, &#039; 67346 Speyer)\">Diakonissen-Stiftungs-Krankenhaus Speyer (Paul-Egell-Str. 33&#039;, &#039; 67346 Speyer)<\/option><option value=\"Dr.med. Ingo B\u00f6hn (Bahnhofstra\u00dfe 12&#039;, &#039; 67105 Schifferstadt)\">Dr.med. Ingo B\u00f6hn (Bahnhofstra\u00dfe 12&#039;, &#039; 67105 Schifferstadt)<\/option><option value=\"Ergopraxis Regenbogen (Bahnhofstr.12&#039;, &#039; 67105 Schifferstadt)\">Ergopraxis Regenbogen (Bahnhofstr.12&#039;, &#039; 67105 Schifferstadt)<\/option><option value=\"Europ\u00e4ische Schule Karlsruhe (Albert-Schweitzer Str.1&#039;, &#039; 76139 Karlsruhe)\">Europ\u00e4ische Schule Karlsruhe (Albert-Schweitzer Str.1&#039;, &#039; 76139 Karlsruhe)<\/option><option value=\"Forstamt Pf\u00e4lzer Rheinauen Forstrevier Modenbach (Iggelheimer Stra\u00dfe 11&#039;, &#039; 67373 Dudenhofen)\">Forstamt Pf\u00e4lzer Rheinauen Forstrevier Modenbach (Iggelheimer Stra\u00dfe 11&#039;, &#039; 67373 Dudenhofen)<\/option><option value=\"Forstrevier Schifferstadt (Iggelheimerstra\u00dfe 12&#039;, &#039; 67373 Dudenhofen)\">Forstrevier Schifferstadt (Iggelheimerstra\u00dfe 12&#039;, &#039; 67373 Dudenhofen)<\/option><option value=\"Forstzweckverband Hassloch-B\u00f6hl-Iggelheim (Rathausplatz 1&#039;, &#039; 67454 Hassloch)\">Forstzweckverband Hassloch-B\u00f6hl-Iggelheim (Rathausplatz 1&#039;, &#039; 67454 Hassloch)<\/option><option value=\"Freie Reformschule Speyer (Herdstra\u00dfe 5&#039;, &#039; 67346 Speyer)\">Freie Reformschule Speyer (Herdstra\u00dfe 5&#039;, &#039; 67346 Speyer)<\/option><option value=\"Freiwillige Feuerwehr Schifferstadt\/ Stadtverwaltung Schifferstadt (Amselweg 61&#039;, &#039; 67105 Schifferstadt)\">Freiwillige Feuerwehr Schifferstadt\/ Stadtverwaltung Schifferstadt (Amselweg 61&#039;, &#039; 67105 Schifferstadt)<\/option><option value=\"Gemeindebibliothek Mutterstadt (Ludwigshafener Stra\u00dfe 3&#039;, &#039; 67112 Mutterstadt)\">Gemeindebibliothek Mutterstadt (Ludwigshafener Stra\u00dfe 3&#039;, &#039; 67112 Mutterstadt)<\/option><option value=\"Gemeindeb\u00fccherei Dannstadt-Schauernheim (Kirchenstra\u00dfe 17&#039;, &#039; 67125 Dannstadt-Schauernheim)\">Gemeindeb\u00fccherei Dannstadt-Schauernheim (Kirchenstra\u00dfe 17&#039;, &#039; 67125 Dannstadt-Schauernheim)<\/option><option value=\"Grundschule Nord (Rehbachstra\u00dfe 11&#039;, &#039; 67105 Schifferstadt)\">Grundschule Nord (Rehbachstra\u00dfe 11&#039;, &#039; 67105 Schifferstadt)<\/option><option value=\"Historisches Museum Speyer (Domplatz 4&#039;, &#039; 67346 Speyer)\">Historisches Museum Speyer (Domplatz 4&#039;, &#039; 67346 Speyer)<\/option><option value=\"Integrative Kita Buntspecht (Burggraben 1b&#039;, &#039; 67454 Ha\u00dfloch)\">Integrative Kita Buntspecht (Burggraben 1b&#039;, &#039; 67454 Ha\u00dfloch)<\/option><option value=\"Johann-Heinrich-Pestalozzischule Speyer (Kardinal-Wendel-Str. 9&#039;, &#039; 67346 Speyer)\">Johann-Heinrich-Pestalozzischule Speyer (Kardinal-Wendel-Str. 9&#039;, &#039; 67346 Speyer)<\/option><option value=\"Jugendpforte Mutterstadt - Neue Pforte (Ludwigshafener Str. 3&#039;, &#039; 67112 Mutterstadt)\">Jugendpforte Mutterstadt - Neue Pforte (Ludwigshafener Str. 3&#039;, &#039; 67112 Mutterstadt)<\/option><option value=\"Jugendtreff Schifferstadt (Neust\u00fcckweg 1&#039;, &#039; 67105 Schifferstadt)\">Jugendtreff Schifferstadt (Neust\u00fcckweg 1&#039;, &#039; 67105 Schifferstadt)<\/option><option value=\"Jugendzentrum Mutterstadt (Ludwigshafener Stra\u00dfe 3&#039;, &#039; 67112 Mutterstadt)\">Jugendzentrum Mutterstadt (Ludwigshafener Stra\u00dfe 3&#039;, &#039; 67112 Mutterstadt)<\/option><option value=\"Kath. Pfarramt Hl. Christophorus Waldsee Grabengasse 42&#039;, &#039; 67165 Waldsee)\">Kath. Pfarramt Hl. Christophorus Waldsee Grabengasse 42&#039;, &#039; 67165 Waldsee)<\/option><option value=\"Kita Gro\u00dfer Garten (Max Liebermann Str.5&#039;, &#039; 67105 Schifferstadt)\">Kita Gro\u00dfer Garten (Max Liebermann Str.5&#039;, &#039; 67105 Schifferstadt)<\/option><option value=\"Kita Herz Jesu (Salierstra\u00dfe 100 Schifferstadt)\">Kita Herz Jesu (Salierstra\u00dfe 100 Schifferstadt)<\/option><option value=\"Kita Hochdorf (Mutterstadter Weg 10&#039;, &#039; 67126 Hochdorf)\">Kita Hochdorf (Mutterstadter Weg 10&#039;, &#039; 67126 Hochdorf)<\/option><option value=\"Kita Luise Koch (Schulstr. 4&#039;, &#039; 67127 R\u00f6derheim-Gronau)\">Kita Luise Koch (Schulstr. 4&#039;, &#039; 67127 R\u00f6derheim-Gronau)<\/option><option value=\"Kita St-Konrad (J\u00e4gerstr. 16&#039;, &#039; 67105 Schifferstadt)\">Kita St-Konrad (J\u00e4gerstr. 16&#039;, &#039; 67105 Schifferstadt)<\/option><option value=\"Kita St. Jakobus (Bl\u00e4chstr.33&#039;, &#039; 67105 Schifferstadt)\">Kita St. Jakobus (Bl\u00e4chstr.33&#039;, &#039; 67105 Schifferstadt)<\/option><option value=\"Kita am Wald (Wohfahrtsweg 1&#039;, &#039; 67105 Schifferstadt)\">Kita am Wald (Wohfahrtsweg 1&#039;, &#039; 67105 Schifferstadt)<\/option><option value=\"Klinikum Ludwigshafen gGmbH (Bremserstra\u00dfe 79&#039;, &#039; 67063 Ludwigshafen)\">Klinikum Ludwigshafen gGmbH (Bremserstra\u00dfe 79&#039;, &#039; 67063 Ludwigshafen)<\/option><option value=\"Kurpfalzschule Dannstadt (Kurpfalzstra\u00dfe 2&#039;, &#039; 67125 Dannstadt-Schauernheim)\">Kurpfalzschule Dannstadt (Kurpfalzstra\u00dfe 2&#039;, &#039; 67125 Dannstadt-Schauernheim)<\/option><option value=\"Lebenshilfe Speyer-Schifferstadt gGmbH (Waldspitzweg 10&#039;, &#039; 67105 Schifferstadt)\">Lebenshilfe Speyer-Schifferstadt gGmbH (Waldspitzweg 10&#039;, &#039; 67105 Schifferstadt)<\/option><option value=\"Marienhaus Klinikum Hetzelstift Stiftsstra\u00dfe 10&#039;, &#039; 67434 Neustadt)\">Marienhaus Klinikum Hetzelstift Stiftsstra\u00dfe 10&#039;, &#039; 67434 Neustadt)<\/option><option value=\"Pavillon Donnersbergstra\u00dfe Stra\u00dfe 1&#039;, &#039; 67141 Neuhofen)\">Pavillon Donnersbergstra\u00dfe Stra\u00dfe 1&#039;, &#039; 67141 Neuhofen)<\/option><option value=\"Physiotherapie Eike Richter (Max-Liebermann-Stra\u00dfe 1&#039;, &#039; 67105 Schifferstadt)\">Physiotherapie Eike Richter (Max-Liebermann-Stra\u00dfe 1&#039;, &#039; 67105 Schifferstadt)<\/option><option value=\"Polizeiinspektion Schifferstadt (Waldspitzweg 2&#039;, &#039; 67105 Schifferstadt)\">Polizeiinspektion Schifferstadt (Waldspitzweg 2&#039;, &#039; 67105 Schifferstadt)<\/option><option value=\"Praxis-Physikalische-Therapie-Christan Simon (Rheinallee 22&#039;, &#039; 67061 Ludwigshafen)\">Praxis-Physikalische-Therapie-Christan Simon (Rheinallee 22&#039;, &#039; 67061 Ludwigshafen)<\/option><option value=\"Pro Seniore Residenz Mutterstadt (Oggersheimer Str. 38&#039;, &#039; 67112 Mutterstadt)\">Pro Seniore Residenz Mutterstadt (Oggersheimer Str. 38&#039;, &#039; 67112 Mutterstadt)<\/option><option value=\"Seniorensstift zur Dannstadter H\u00f6h (Ute-Rhunke-Stra\u00dfe 2&#039;, &#039; 67125 Dannstadt-Schauernheim)\">Seniorensstift zur Dannstadter H\u00f6h (Ute-Rhunke-Stra\u00dfe 2&#039;, &#039; 67125 Dannstadt-Schauernheim)<\/option><option value=\"Seniorenzentrum B\u00f6hl-Iggelheim (Wehlachstra\u00dfe 3&#039;, &#039; 67459 B\u00f6hl-Iggelheim)\">Seniorenzentrum B\u00f6hl-Iggelheim (Wehlachstra\u00dfe 3&#039;, &#039; 67459 B\u00f6hl-Iggelheim)<\/option><option value=\"Sepia Speyer (Industriestra\u00dfe 24&#039;, &#039; 67346 Speyer)\">Sepia Speyer (Industriestra\u00dfe 24&#039;, &#039; 67346 Speyer)<\/option><option value=\"St. Christopherus Warenkorb Speyer (Friedrich-Ebert-Stra\u00dfe 2b&#039;, &#039; 67346 Speyer)\">St. Christopherus Warenkorb Speyer (Friedrich-Ebert-Stra\u00dfe 2b&#039;, &#039; 67346 Speyer)<\/option><option value=\"St. Marienkrankenhaus (Salzburger Stra\u00dfe 15&#039;, &#039; 67073 Ludwigshafen)\">St. Marienkrankenhaus (Salzburger Stra\u00dfe 15&#039;, &#039; 67073 Ludwigshafen)<\/option><option value=\"Tafel Mannheim Neckarstadt (Alphornstra\u00dfe 8&#039;, &#039; 68169 Mannheim)\">Tafel Mannheim Neckarstadt (Alphornstra\u00dfe 8&#039;, &#039; 68169 Mannheim)<\/option><option value=\"Tafel Speyer (Seekatzstra\u00dfe 12&#039;, &#039; 67346 Speyer)\">Tafel Speyer (Seekatzstra\u00dfe 12&#039;, &#039; 67346 Speyer)<\/option><option value=\"Tagesf\u00f6rderst\u00e4tte (M\u00f6rikestra\u00dfe 15&#039;, &#039; 67071 Ludwigshafen)\">Tagesf\u00f6rderst\u00e4tte (M\u00f6rikestra\u00dfe 15&#039;, &#039; 67071 Ludwigshafen)<\/option><option value=\"Tagespflege am M\u00fchlweg (M\u00fchlweg 56&#039;, &#039; 67117 Limburgerhof)\">Tagespflege am M\u00fchlweg (M\u00fchlweg 56&#039;, &#039; 67117 Limburgerhof)<\/option><option value=\"Theater im Pfalzbau (Berlinerstr. 30&#039;, &#039; 67059 Ludwigshafen)\">Theater im Pfalzbau (Berlinerstr. 30&#039;, &#039; 67059 Ludwigshafen)<\/option><option value=\"Tierarzt Hans Christian Bonnet (Speyerer Str. 162&#039;, &#039; 67373 Dudenhofen)\">Tierarzt Hans Christian Bonnet (Speyerer Str. 162&#039;, &#039; 67373 Dudenhofen)<\/option><option value=\"Tierarztpraxis M\u00fcller-Schliecker (Landauer Stra\u00dfe 90&#039;, &#039; 67434 Neustadt)\">Tierarztpraxis M\u00fcller-Schliecker (Landauer Stra\u00dfe 90&#039;, &#039; 67434 Neustadt)<\/option><option value=\"Tierarztpraxis am Pfalzring (Frankenstra\u00dfe 1&#039;, &#039; 67112 Mutterstadt)\">Tierarztpraxis am Pfalzring (Frankenstra\u00dfe 1&#039;, &#039; 67112 Mutterstadt)<\/option><option value=\"VEhRA Ehrenamtsb\u00f6rse Ludwigshafener Tafel (Bayreuther Stra\u00dfe 35&#039;, &#039; 67059 Ludwigshafen)\">VEhRA Ehrenamtsb\u00f6rse Ludwigshafener Tafel (Bayreuther Stra\u00dfe 35&#039;, &#039; 67059 Ludwigshafen)<\/option><option value=\"Weltladen FAIReint (Kappellenstr. 14&#039;, &#039; 67105 Schifferstadt)\">Weltladen FAIReint (Kappellenstr. 14&#039;, &#039; 67105 Schifferstadt)<\/option><option value=\"Wildpark Rheing\u00f6nnheim (Neuh\u00f6fer Str. 48&#039;, &#039; 67067 Rheing\u00f6nheim)\">Wildpark Rheing\u00f6nnheim (Neuh\u00f6fer Str. 48&#039;, &#039; 67067 Rheing\u00f6nheim)<\/option><option value=\"\u00d6konomische Sozialstation (Kirchenstra\u00dfe 29&#039;, &#039; 67117 Limburgerhof)\">\u00d6konomische Sozialstation (Kirchenstra\u00dfe 29&#039;, &#039; 67117 Limburgerhof)<\/option><option value=\"NEUER Praktikumsplatz - Meine Institution ist nicht aufgef\u00fchrt\">NEUER Praktikumsplatz - Meine Institution ist nicht aufgef\u00fchrt<\/option><\/select><\/span>\n\t\t\t<\/p>\n\t\t<\/td>\n\t<\/tr>\n<\/table>\n<div data-id=\"group-1\" data-orig_data_id=\"group-1\"  class=\"\" data-class=\"wpcf7cf_group\">\n\t<table border-collapse: collapse; margin: 0 0 1.5em; width: 100%; >\n\t\t<tr>\n\t\t\t<td>\n\t\t\t\t<p>Mein Praktikumsplatz ist <b>NICHT<\/b> in der Liste aufgef\u00fchrt:\n\t\t\t\t<\/p>\n\t\t\t<\/td>\n\t\t\t<td>\n\t\t\t<\/td>\n\t\t<\/tr>\n\t\t<tr>\n\t\t\t<td>\n\t\t\t\t<p>Name des Betriebes \/ der Einrichtung (z.B. \"KiTa St. Konrad)\n\t\t\t\t<\/p>\n\t\t\t<\/td>\n\t\t\t<td>\n\t\t\t\t<p><span class=\"wpcf7-form-control-wrap\" data-name=\"institution-name\"><input size=\"40\" maxlength=\"400\" class=\"wpcf7-form-control wpcf7-text\" aria-invalid=\"false\" value=\"\" type=\"text\" name=\"institution-name\" \/><\/span>\n\t\t\t\t<\/p>\n\t\t\t<\/td>\n\t\t<\/tr>\n\t\t<tr>\n\t\t\t<td>\n\t\t\t\t<p>Stra\u00dfe mit Hausnummer (z.B. Am Schulzentrum 11)\n\t\t\t\t<\/p>\n\t\t\t<\/td>\n\t\t\t<td>\n\t\t\t\t<p><span class=\"wpcf7-form-control-wrap\" data-name=\"institution-road\"><input size=\"40\" maxlength=\"400\" class=\"wpcf7-form-control wpcf7-text\" aria-invalid=\"false\" value=\"\" type=\"text\" name=\"institution-road\" \/><\/span>\n\t\t\t\t<\/p>\n\t\t\t<\/td>\n\t\t<\/tr>\n\t\t<tr>\n\t\t\t<td>\n\t\t\t\t<p>Postleitzahl (z.B. \"67105\")\n\t\t\t\t<\/p>\n\t\t\t<\/td>\n\t\t\t<td>\n\t\t\t\t<p><span class=\"wpcf7-form-control-wrap\" data-name=\"institution-plz\"><input size=\"40\" maxlength=\"400\" class=\"wpcf7-form-control wpcf7-text\" aria-invalid=\"false\" value=\"\" type=\"text\" name=\"institution-plz\" \/><\/span>\n\t\t\t\t<\/p>\n\t\t\t<\/td>\n\t\t<\/tr>\n\t\t<tr>\n\t\t\t<td>\n\t\t\t\t<p>Ort (z.B. \"Schifferstadt\")\n\t\t\t\t<\/p>\n\t\t\t<\/td>\n\t\t\t<td>\n\t\t\t\t<p><span class=\"wpcf7-form-control-wrap\" data-name=\"institution-city\"><input size=\"40\" maxlength=\"400\" class=\"wpcf7-form-control wpcf7-text\" aria-invalid=\"false\" value=\"\" type=\"text\" name=\"institution-city\" \/><\/span>\n\t\t\t\t<\/p>\n\t\t\t<\/td>\n\t\t<\/tr>\n\t<\/table>\n<\/div>\n<p>Dein\/e Ansprechpartner\/in im Betrieb (bitte <b>IMMER<\/b> ausf\u00fcllen):\n<\/p>\n<table border-collapse: collapse; margin: 0 0 1.5em; width: 100%; >\n\t<tr>\n\t\t<td>\n\t\t\t<p>Zust\u00e4ndige\/r Betreuer\/in (z.B. \"Fr. Musterfrau\")\n\t\t\t<\/p>\n\t\t<\/td>\n\t\t<td>\n\t\t\t<p><span class=\"wpcf7-form-control-wrap\" data-name=\"institution-contact\"><input size=\"40\" maxlength=\"400\" class=\"wpcf7-form-control wpcf7-text wpcf7-validates-as-required\" aria-required=\"true\" aria-invalid=\"false\" value=\"\" type=\"text\" name=\"institution-contact\" \/><\/span>\n\t\t\t<\/p>\n\t\t<\/td>\n\t<\/tr>\n\t<tr>\n\t\t<td>\n\t\t\t<p>Telefonnummer deiner\/deines Betreuer\/in<br \/>\n(z.B. 06235 1236547)\n\t\t\t<\/p>\n\t\t<\/td>\n\t\t<td>\n\t\t\t<p><span class=\"wpcf7-form-control-wrap\" data-name=\"tel-contact\"><input size=\"40\" maxlength=\"400\" class=\"wpcf7-form-control wpcf7-tel wpcf7-validates-as-required wpcf7-text wpcf7-validates-as-tel\" aria-required=\"true\" aria-invalid=\"false\" value=\"\" type=\"tel\" name=\"tel-contact\" \/><\/span>\n\t\t\t<\/p>\n\t\t<\/td>\n\t<\/tr>\n\t<tr>\n\t\t<td>\n\t\t\t<font color=WHITE>..........................................................................................................\n\t\t\t<\/font>\n\t\t<\/td>\n\t<\/tr>\n<\/table>\n<p><input class=\"wpcf7-form-control wpcf7-submit has-spinner\" type=\"submit\" value=\"Praktikumsanmeldungsenden\" \/>\n<\/p><div class=\"wpcf7-response-output\" aria-hidden=\"true\"><\/div>\n<\/form>\n<\/div>\n<\/div>\n\n\n\n<p><\/p>\n","protected":false},"excerpt":{"rendered":"<p>Liebe Sch\u00fclerinnen und Sch\u00fcler der Klassenstufe 8 bzw. ab August Klassenstufe 9 \ud83d\ude42 , bitte tragt in diese Eingabemaske die Daten zu eurem Praktikumsplatz f\u00fcr das Sozialpraktikum ein. Alle Felder m\u00fcssen vollst\u00e4ndig ausgef\u00fcllt sein! Das Sozialpraktikum findet in den letzten beiden Wochen des ersten Schulhalbjahres im Januar statt. Dein Praktikumsplatz muss hier bis sp\u00e4testens 15. [&hellip;]<\/p>\n","protected":false},"author":1,"featured_media":0,"parent":0,"menu_order":0,"comment_status":"closed","ping_status":"closed","template":"blank","meta":{"footnotes":""},"class_list":["post-103","page","type-page","status-publish","hentry"],"aioseo_notices":[],"_links":{"self":[{"href":"https:\/\/buchung.gym-schiff.de\/krankmeldung\/wp-json\/wp\/v2\/pages\/103","targetHints":{"allow":["GET"]}}],"collection":[{"href":"https:\/\/buchung.gym-schiff.de\/krankmeldung\/wp-json\/wp\/v2\/pages"}],"about":[{"href":"https:\/\/buchung.gym-schiff.de\/krankmeldung\/wp-json\/wp\/v2\/types\/page"}],"author":[{"embeddable":true,"href":"https:\/\/buchung.gym-schiff.de\/krankmeldung\/wp-json\/wp\/v2\/users\/1"}],"replies":[{"embeddable":true,"href":"https:\/\/buchung.gym-schiff.de\/krankmeldung\/wp-json\/wp\/v2\/comments?post=103"}],"version-history":[{"count":10,"href":"https:\/\/buchung.gym-schiff.de\/krankmeldung\/wp-json\/wp\/v2\/pages\/103\/revisions"}],"predecessor-version":[{"id":243,"href":"https:\/\/buchung.gym-schiff.de\/krankmeldung\/wp-json\/wp\/v2\/pages\/103\/revisions\/243"}],"wp:attachment":[{"href":"https:\/\/buchung.gym-schiff.de\/krankmeldung\/wp-json\/wp\/v2\/media?parent=103"}],"curies":[{"name":"wp","href":"https:\/\/api.w.org\/{rel}","templated":true}]}}